{"id":107,"date":"2021-04-23T17:44:07","date_gmt":"2021-04-23T17:44:07","guid":{"rendered":"https:\/\/erasmusplus-livefriends.eu\/?page_id=107"},"modified":"2021-05-06T18:35:13","modified_gmt":"2021-05-06T18:35:13","slug":"results-of-our-transnational-project","status":"publish","type":"page","link":"https:\/\/erasmusplus-livefriends.eu\/index.php\/results-of-our-transnational-project\/","title":{"rendered":"RESULTS OF OUR TRANSNATIONAL PROJECT"},"content":{"rendered":"<p>[et_pb_section fb_built=\u00bb1&#8243; _builder_version=\u00bb4.9.3&#8243; _module_preset=\u00bbdefault\u00bb custom_padding=\u00bb||30px|||\u00bb][et_pb_row _builder_version=\u00bb4.9.3&#8243; _module_preset=\u00bbdefault\u00bb][et_pb_column type=\u00bb4_4&#8243; _builder_version=\u00bb4.9.3&#8243; _module_preset=\u00bbdefault\u00bb][et_pb_image src=\u00bbhttps:\/\/erasmusplus-livefriends.eu\/wp-content\/uploads\/2021\/04\/LeiriaTinPuppets-scaled.jpg\u00bb title_text=\u00bbLeiriaTinPuppets\u00bb _builder_version=\u00bb4.9.3&#8243; _module_preset=\u00bbdefault\u00bb][\/et_pb_image][\/et_pb_column][\/et_pb_row][et_pb_row column_structure=\u00bb1_5,3_5,1_5&#8243; _builder_version=\u00bb4.9.3&#8243; _module_preset=\u00bbdefault\u00bb][et_pb_column type=\u00bb1_5&#8243; _builder_version=\u00bb4.9.3&#8243; _module_preset=\u00bbdefault\u00bb][\/et_pb_column][et_pb_column type=\u00bb3_5&#8243; _builder_version=\u00bb4.9.3&#8243; _module_preset=\u00bbdefault\u00bb][et_pb_text _builder_version=\u00bb4.9.3&#8243; _module_preset=\u00bbdefault\u00bb]<\/p>\n<h3><strong>RESULTADOS DE NUESTRO PROYECTO TRANSNACIONAL<\/strong><\/h3>\n<p>&nbsp;<\/p>\n<p>Los resultados generales, seg\u00fan los objetivos previamente establecidos, ser\u00e1n dos:<\/p>\n<p>&#8211; La experiencia internacional de los ni\u00f1os en edad de Educaci\u00f3n Primaria: conocer, compartir y aprender, ampliar sus horizontes sociales y culturales, entusiasmarlos con su formaci\u00f3n, prevenir el absentismo escolar y motivarlos hacia un futuro mejor, m\u00e1s integrado y m\u00e1s ambicioso. , en un entorno europeo cada vez m\u00e1s necesario.\u00a0Y la experiencia internacional de los profesores, apoyados por artistas que ya pertenecen a una red art\u00edstica internacional.<\/p>\n<p>&#8211; La recopilaci\u00f3n de experiencias docentes y su difusi\u00f3n, para que pueda ser replicada en el futuro, en cualquier lugar y bajo la responsabilidad de cualquier entidad calificada, multiplicando los resultados a trav\u00e9s de informes de evaluaci\u00f3n, documentos de buenas pr\u00e1cticas y materiales multimedia.<\/p>\n<p>&nbsp;<\/p>\n<p><strong>Otros resultados espec\u00edficos son:<\/strong><\/p>\n<p>&#8211; Introducci\u00f3n de los estudiantes participantes a las tecnolog\u00edas digitales de comunicaci\u00f3n y producci\u00f3n multimedia, en un enfoque informal.<\/p>\n<p>&#8211; Refuerzo de las habilidades digitales en comunicaci\u00f3n y producci\u00f3n multimedia de los artistas involucrados en el Proyecto.<\/p>\n<p>&#8211; El refuerzo de las habilidades digitales en comunicaci\u00f3n y producci\u00f3n multimedia de docentes involucrados en nuevas experiencias de aprendizaje a distancia, provocado por COVID-19.<\/p>\n<p>&#8211; Refuerzo de la comprensi\u00f3n de las expresiones art\u00edsticas como importantes herramientas pedag\u00f3gicas.<\/p>\n<p>&#8211; Reducci\u00f3n del absentismo y falta de motivaci\u00f3n para el aprendizaje.\u00a0El trabajo realizado servir\u00e1 para motivar a los ni\u00f1os a asistir a la escuela.<\/p>\n<p>&#8211; Promoci\u00f3n de las habilidades art\u00edsticas de los estudiantes mediante la implementaci\u00f3n de las Propuestas Art\u00edsticas.<\/p>\n<p>&#8211; Integraci\u00f3n de los aprendizajes y buenas pr\u00e1cticas del proyecto en la metodolog\u00eda del Programa MUS-E y la red MUS-E.\u00a0El Programa MUS-E ha estado funcionando durante 25 a\u00f1os y sin duda continuar\u00e1 durante mucho tiempo.<\/p>\n<p>&#8211; Refuerzo de la implicaci\u00f3n e inter\u00e9s de las familias por las actividades escolares.<\/p>\n<p>[\/et_pb_text][\/et_pb_column][et_pb_column type=\u00bb1_5&#8243; _builder_version=\u00bb4.9.3&#8243; _module_preset=\u00bbdefault\u00bb][\/et_pb_column][\/et_pb_row][\/et_pb_section]<\/p>\n","protected":false},"excerpt":{"rendered":"<p>RESULTADOS DE NUESTRO PROYECTO TRANSNACIONAL &nbsp; Los resultados generales, seg\u00fan los objetivos previamente establecidos, ser\u00e1n dos: &#8211; La experiencia internacional de los ni\u00f1os en edad de Educaci\u00f3n Primaria: conocer, compartir y aprender, ampliar sus horizontes sociales y culturales, entusiasmarlos con su formaci\u00f3n, prevenir el absentismo escolar y motivarlos hacia un futuro mejor, m\u00e1s integrado y [&hellip;]<\/p>\n","protected":false},"author":1,"featured_media":0,"parent":0,"menu_order":0,"comment_status":"closed","ping_status":"closed","template":"","meta":{"_et_pb_use_builder":"on","_et_pb_old_content":"<!-- wp:divi\/placeholder \/-->","_et_gb_content_width":"","footnotes":""},"class_list":["post-107","page","type-page","status-publish","hentry"],"_links":{"self":[{"href":"https:\/\/erasmusplus-livefriends.eu\/index.php\/wp-json\/wp\/v2\/pages\/107","targetHints":{"allow":["GET"]}}],"collection":[{"href":"https:\/\/erasmusplus-livefriends.eu\/index.php\/wp-json\/wp\/v2\/pages"}],"about":[{"href":"https:\/\/erasmusplus-livefriends.eu\/index.php\/wp-json\/wp\/v2\/types\/page"}],"author":[{"embeddable":true,"href":"https:\/\/erasmusplus-livefriends.eu\/index.php\/wp-json\/wp\/v2\/users\/1"}],"replies":[{"embeddable":true,"href":"https:\/\/erasmusplus-livefriends.eu\/index.php\/wp-json\/wp\/v2\/comments?post=107"}],"version-history":[{"count":5,"href":"https:\/\/erasmusplus-livefriends.eu\/index.php\/wp-json\/wp\/v2\/pages\/107\/revisions"}],"predecessor-version":[{"id":305,"href":"https:\/\/erasmusplus-livefriends.eu\/index.php\/wp-json\/wp\/v2\/pages\/107\/revisions\/305"}],"wp:attachment":[{"href":"https:\/\/erasmusplus-livefriends.eu\/index.php\/wp-json\/wp\/v2\/media?parent=107"}],"curies":[{"name":"wp","href":"https:\/\/api.w.org\/{rel}","templated":true}]}}