{"id":105,"date":"2021-04-23T17:43:45","date_gmt":"2021-04-23T17:43:45","guid":{"rendered":"https:\/\/erasmusplus-livefriends.eu\/?page_id=105"},"modified":"2021-05-06T18:34:28","modified_gmt":"2021-05-06T18:34:28","slug":"activities-of-our-transnational-project","status":"publish","type":"page","link":"https:\/\/erasmusplus-livefriends.eu\/index.php\/activities-of-our-transnational-project\/","title":{"rendered":"ACTIVITIES OF OUR TRANSNATIONAL PROJECT"},"content":{"rendered":"<p>[et_pb_section fb_built=\u00bb1&#8243; _builder_version=\u00bb4.9.3&#8243; _module_preset=\u00bbdefault\u00bb custom_padding=\u00bb13px||23px|||\u00bb][et_pb_row _builder_version=\u00bb4.9.3&#8243; _module_preset=\u00bbdefault\u00bb][et_pb_column type=\u00bb4_4&#8243; _builder_version=\u00bb4.9.3&#8243; _module_preset=\u00bbdefault\u00bb][et_pb_gallery gallery_ids=\u00bb246&#8243; fullwidth=\u00bbon\u00bb _builder_version=\u00bb4.9.3&#8243; _module_preset=\u00bbdefault\u00bb][\/et_pb_gallery][\/et_pb_column][\/et_pb_row][et_pb_row column_structure=\u00bb1_5,3_5,1_5&#8243; _builder_version=\u00bb4.9.3&#8243; _module_preset=\u00bbdefault\u00bb][et_pb_column type=\u00bb1_5&#8243; _builder_version=\u00bb4.9.3&#8243; _module_preset=\u00bbdefault\u00bb][\/et_pb_column][et_pb_column type=\u00bb3_5&#8243; _builder_version=\u00bb4.9.3&#8243; _module_preset=\u00bbdefault\u00bb][et_pb_text _builder_version=\u00bb4.9.3&#8243; _module_preset=\u00bbdefault\u00bb]<\/p>\n<h2><strong>ACTIVIDADES DE NUESTRO <\/strong><\/h2>\n<h2><strong>PROYECTO TRANSNACIONAL<\/strong><\/h2>\n<p><strong><\/strong><\/p>\n<p><strong><\/strong><\/p>\n<ol>\n<li>Sesiones con ni\u00f1os: Por cada Pareja de Clases y Tramo, habr\u00e1 4 sesiones de comunicaci\u00f3n sincr\u00f3nica y tantas como sea necesario en formato asincr\u00f3nico.<\/li>\n<li>Trabaja con los profesores.<\/li>\n<li>Trabaja con artistas de MUS-E.<\/li>\n<li>Trabaja con familias.<\/li>\n<li>Se desarrollar\u00e1n materiales de difusi\u00f3n E incluir\u00e1n las experiencias vividas en las escuelas, y se difundir\u00e1n en las redes sociales.\u00a0Estos materiales mostrar\u00e1n no solo los resultados finales, sino tambi\u00e9n los procesos.\u00a0Elegimos micro materiales, (fotos, extractos de video o audio).<\/li>\n<li>FYME \/ AYMP preparar\u00e1 un informe de evaluaci\u00f3n del Proyecto, en estrecha colaboraci\u00f3n con todos los socios y entidades colaboradoras del Proyecto.<\/li>\n<li>Reuniones transnacionales de coordinaci\u00f3n y reuniones de intercambio de buenas pr\u00e1cticas.<\/li>\n<\/ol>\n<ol><\/ol>\n<p>[\/et_pb_text][\/et_pb_column][et_pb_column type=\u00bb1_5&#8243; _builder_version=\u00bb4.9.3&#8243; _module_preset=\u00bbdefault\u00bb][\/et_pb_column][\/et_pb_row][et_pb_row _builder_version=\u00bb4.9.3&#8243; _module_preset=\u00bbdefault\u00bb][et_pb_column type=\u00bb4_4&#8243; _builder_version=\u00bb4.9.3&#8243; _module_preset=\u00bbdefault\u00bb][et_pb_gallery gallery_ids=\u00bb68,69,70,75,122,118,117,78,77,76&#8243; posts_number=\u00bb10&#8243; show_title_and_caption=\u00bboff\u00bb show_pagination=\u00bboff\u00bb _builder_version=\u00bb4.9.3&#8243; _module_preset=\u00bbdefault\u00bb][\/et_pb_gallery][\/et_pb_column][\/et_pb_row][\/et_pb_section]<\/p>\n","protected":false},"excerpt":{"rendered":"<p>ACTIVIDADES DE NUESTRO PROYECTO TRANSNACIONAL Sesiones con ni\u00f1os: Por cada Pareja de Clases y Tramo, habr\u00e1 4 sesiones de comunicaci\u00f3n sincr\u00f3nica y tantas como sea necesario en formato asincr\u00f3nico. Trabaja con los profesores. Trabaja con artistas de MUS-E. Trabaja con familias. Se desarrollar\u00e1n materiales de difusi\u00f3n E incluir\u00e1n las experiencias vividas en las escuelas, y [&hellip;]<\/p>\n","protected":false},"author":1,"featured_media":0,"parent":0,"menu_order":0,"comment_status":"closed","ping_status":"closed","template":"","meta":{"_et_pb_use_builder":"on","_et_pb_old_content":"<!-- wp:divi\/placeholder \/-->","_et_gb_content_width":"","footnotes":""},"class_list":["post-105","page","type-page","status-publish","hentry"],"_links":{"self":[{"href":"https:\/\/erasmusplus-livefriends.eu\/index.php\/wp-json\/wp\/v2\/pages\/105","targetHints":{"allow":["GET"]}}],"collection":[{"href":"https:\/\/erasmusplus-livefriends.eu\/index.php\/wp-json\/wp\/v2\/pages"}],"about":[{"href":"https:\/\/erasmusplus-livefriends.eu\/index.php\/wp-json\/wp\/v2\/types\/page"}],"author":[{"embeddable":true,"href":"https:\/\/erasmusplus-livefriends.eu\/index.php\/wp-json\/wp\/v2\/users\/1"}],"replies":[{"embeddable":true,"href":"https:\/\/erasmusplus-livefriends.eu\/index.php\/wp-json\/wp\/v2\/comments?post=105"}],"version-history":[{"count":9,"href":"https:\/\/erasmusplus-livefriends.eu\/index.php\/wp-json\/wp\/v2\/pages\/105\/revisions"}],"predecessor-version":[{"id":304,"href":"https:\/\/erasmusplus-livefriends.eu\/index.php\/wp-json\/wp\/v2\/pages\/105\/revisions\/304"}],"wp:attachment":[{"href":"https:\/\/erasmusplus-livefriends.eu\/index.php\/wp-json\/wp\/v2\/media?parent=105"}],"curies":[{"name":"wp","href":"https:\/\/api.w.org\/{rel}","templated":true}]}}