{"id":101,"date":"2021-04-23T17:42:48","date_gmt":"2021-04-23T17:42:48","guid":{"rendered":"https:\/\/erasmusplus-livefriends.eu\/?page_id=101"},"modified":"2021-05-12T17:20:32","modified_gmt":"2021-05-12T17:20:32","slug":"partners","status":"publish","type":"page","link":"https:\/\/erasmusplus-livefriends.eu\/index.php\/partners\/","title":{"rendered":"PARTNERS"},"content":{"rendered":"<p>[et_pb_section fb_built=\u00bb1&#8243; _builder_version=\u00bb4.9.3&#8243; _module_preset=\u00bbdefault\u00bb custom_padding=\u00bb9px|||||\u00bb][et_pb_row column_structure=\u00bb1_5,3_5,1_5&#8243; _builder_version=\u00bb4.9.3&#8243; _module_preset=\u00bbdefault\u00bb][et_pb_column type=\u00bb1_5&#8243; _builder_version=\u00bb4.9.3&#8243; _module_preset=\u00bbdefault\u00bb][\/et_pb_column][et_pb_column type=\u00bb3_5&#8243; _builder_version=\u00bb4.9.3&#8243; _module_preset=\u00bbdefault\u00bb][et_pb_image src=\u00bbhttps:\/\/erasmusplus-livefriends.eu\/wp-content\/uploads\/2021\/04\/IMG_20200218_131929-scaled.jpg\u00bb title_text=\u00bbIMG_20200218_131929&#8243; _builder_version=\u00bb4.9.3&#8243; _module_preset=\u00bbdefault\u00bb][\/et_pb_image][\/et_pb_column][et_pb_column type=\u00bb1_5&#8243; _builder_version=\u00bb4.9.3&#8243; _module_preset=\u00bbdefault\u00bb][\/et_pb_column][\/et_pb_row][et_pb_row column_structure=\u00bb1_5,3_5,1_5&#8243; _builder_version=\u00bb4.9.3&#8243; _module_preset=\u00bbdefault\u00bb][et_pb_column type=\u00bb1_5&#8243; _builder_version=\u00bb4.9.3&#8243; _module_preset=\u00bbdefault\u00bb][\/et_pb_column][et_pb_column type=\u00bb3_5&#8243; _builder_version=\u00bb4.9.3&#8243; _module_preset=\u00bbdefault\u00bb][et_pb_text _builder_version=\u00bb4.9.3&#8243; _module_preset=\u00bbdefault\u00bb]<\/p>\n<h2><strong>SOCIOS\u00a0<\/strong><\/h2>\n<p><strong>Portugal:<\/strong><\/p>\n<p>Associa\u00e7\u00e3o Yehudi Menuhin Portugal (coordinador)<\/p>\n<p>Agrupamento de Escolas de Marrazes<\/p>\n<p><strong>Espa\u00f1a:<\/strong><\/p>\n<p>Fundaci\u00f3n Yehudi Menuhin Espa\u00f1a<\/p>\n<p>Universidad Rey Juan Carlos<\/p>\n<p>Consejer\u00eda de Educaci\u00f3n y Cultura del Principado de Asturias<\/p>\n<p><strong>Alemania:<\/strong><\/p>\n<p>MUS-E Deutschland eV\u00a0<\/p>\n<p><strong>Hungr\u00eda:<\/strong><\/p>\n<p>MUS-E MAGYARORSZ\u00c1G K\u00f6zhaszn\u00fa Egyes\u00fclet<\/p>\n<p><strong><\/strong><\/p>\n<p>[\/et_pb_text][\/et_pb_column][et_pb_column type=\u00bb1_5&#8243; _builder_version=\u00bb4.9.3&#8243; _module_preset=\u00bbdefault\u00bb][\/et_pb_column][\/et_pb_row][et_pb_row column_structure=\u00bb1_4,1_4,1_4,1_4&#8243; _builder_version=\u00bb4.9.3&#8243; _module_preset=\u00bbdefault\u00bb][et_pb_column type=\u00bb1_4&#8243; _builder_version=\u00bb4.9.3&#8243; _module_preset=\u00bbdefault\u00bb][et_pb_image src=\u00bbhttps:\/\/erasmusplus-livefriends.eu\/wp-content\/uploads\/2021\/04\/5.-yehudimenuhin.png\u00bb title_text=\u00bb5.-yehudimenuhin\u00bb url=\u00bbhttp:\/\/www.fundacionyehudimenuhin.org\/\u00bb url_new_window=\u00bbon\u00bb _builder_version=\u00bb4.9.3&#8243; _module_preset=\u00bbdefault\u00bb][\/et_pb_image][\/et_pb_column][et_pb_column type=\u00bb1_4&#8243; _builder_version=\u00bb4.9.3&#8243; _module_preset=\u00bbdefault\u00bb][et_pb_image src=\u00bbhttps:\/\/erasmusplus-livefriends.eu\/wp-content\/uploads\/2021\/04\/6.-URJC.png\u00bb title_text=\u00bb6.-URJC\u00bb url=\u00bbhttp:\/\/www.urjc.es\/\u00bb url_new_window=\u00bbon\u00bb _builder_version=\u00bb4.9.3&#8243; _module_preset=\u00bbdefault\u00bb][\/et_pb_image][\/et_pb_column][et_pb_column type=\u00bb1_4&#8243; _builder_version=\u00bb4.9.3&#8243; _module_preset=\u00bbdefault\u00bb][et_pb_image src=\u00bbhttps:\/\/erasmusplus-livefriends.eu\/wp-content\/uploads\/2021\/05\/educ-y-cultura.png\u00bb _builder_version=\u00bb4.9.3&#8243; _module_preset=\u00bbdefault\u00bb title_text=\u00bbeduc-y-cultura\u00bb url=\u00bbhttps:\/\/www.educastur.es\/\u00bb url_new_window=\u00bbon\u00bb hover_enabled=\u00bb0&#8243; sticky_enabled=\u00bb0&#8243;][\/et_pb_image][\/et_pb_column][et_pb_column type=\u00bb1_4&#8243; _builder_version=\u00bb4.9.3&#8243; _module_preset=\u00bbdefault\u00bb][et_pb_image src=\u00bbhttps:\/\/erasmusplus-livefriends.eu\/wp-content\/uploads\/2021\/05\/mus-e-hungary.png\u00bb _builder_version=\u00bb4.9.3&#8243; _module_preset=\u00bbdefault\u00bb title_text=\u00bbmus-e-hungary\u00bb url=\u00bbhttps:\/\/www.mus-e.hu\/\u00bb url_new_window=\u00bbon\u00bb hover_enabled=\u00bb0&#8243; sticky_enabled=\u00bb0&#8243;][\/et_pb_image][\/et_pb_column][\/et_pb_row][et_pb_row column_structure=\u00bb1_4,1_4,1_4,1_4&#8243; _builder_version=\u00bb4.9.3&#8243; _module_preset=\u00bbdefault\u00bb][et_pb_column type=\u00bb1_4&#8243; _builder_version=\u00bb4.9.3&#8243; _module_preset=\u00bbdefault\u00bb][et_pb_image src=\u00bbhttps:\/\/erasmusplus-livefriends.eu\/wp-content\/uploads\/2021\/05\/mus-e.png\u00bb _builder_version=\u00bb4.9.3&#8243; _module_preset=\u00bbdefault\u00bb title_text=\u00bbmus-e\u00bb url=\u00bbhttps:\/\/www.mus-e.de\/\u00bb hover_enabled=\u00bb0&#8243; sticky_enabled=\u00bb0&#8243;][\/et_pb_image][\/et_pb_column][et_pb_column type=\u00bb1_4&#8243; _builder_version=\u00bb4.9.3&#8243; _module_preset=\u00bbdefault\u00bb][et_pb_image src=\u00bbhttps:\/\/erasmusplus-livefriends.eu\/wp-content\/uploads\/2021\/05\/marrazes.jpg\u00bb title_text=\u00bbmarrazes\u00bb url=\u00bbhttps:\/\/aemarrazes.ccems.pt\/\u00bb url_new_window=\u00bbon\u00bb _builder_version=\u00bb4.9.3&#8243; _module_preset=\u00bbdefault\u00bb][\/et_pb_image][\/et_pb_column][et_pb_column type=\u00bb1_4&#8243; _builder_version=\u00bb4.9.3&#8243; _module_preset=\u00bbdefault\u00bb][et_pb_image src=\u00bbhttps:\/\/erasmusplus-livefriends.eu\/wp-content\/uploads\/2021\/05\/marinheros-school.png\u00bb _builder_version=\u00bb4.9.3&#8243; _module_preset=\u00bbdefault\u00bb title_text=\u00bbmarinheros-school\u00bb hover_enabled=\u00bb0&#8243; sticky_enabled=\u00bb0&#8243;][\/et_pb_image][\/et_pb_column][et_pb_column type=\u00bb1_4&#8243; _builder_version=\u00bb4.9.3&#8243; _module_preset=\u00bbdefault\u00bb][et_pb_image src=\u00bbhttps:\/\/erasmusplus-livefriends.eu\/wp-content\/uploads\/2021\/05\/asoccYMport.jpg\u00bb title_text=\u00bbasoccYMport\u00bb url=\u00bbhttp:\/\/aymp.pt\/\u00bb url_new_window=\u00bbon\u00bb _builder_version=\u00bb4.9.3&#8243; _module_preset=\u00bbdefault\u00bb][\/et_pb_image][\/et_pb_column][\/et_pb_row][et_pb_row column_structure=\u00bb1_5,1_5,1_5,1_5,1_5&#8243; _builder_version=\u00bb4.9.3&#8243; _module_preset=\u00bbdefault\u00bb hover_enabled=\u00bb0&#8243; sticky_enabled=\u00bb0&#8243;][et_pb_column type=\u00bb1_5&#8243; _builder_version=\u00bb4.9.3&#8243; _module_preset=\u00bbdefault\u00bb][et_pb_image src=\u00bbhttps:\/\/erasmusplus-livefriends.eu\/wp-content\/uploads\/2021\/05\/gesta.png\u00bb _builder_version=\u00bb4.9.3&#8243; _module_preset=\u00bbdefault\u00bb title_text=\u00bbgesta\u00bb url=\u00bbhttps:\/\/alojaweb.educastur.es\/web\/colegiogesta\u00bb url_new_window=\u00bbon\u00bb hover_enabled=\u00bb0&#8243; sticky_enabled=\u00bb0&#8243;][\/et_pb_image][\/et_pb_column][et_pb_column type=\u00bb1_5&#8243; _builder_version=\u00bb4.9.3&#8243; _module_preset=\u00bbdefault\u00bb][et_pb_image src=\u00bbhttps:\/\/erasmusplus-livefriends.eu\/wp-content\/uploads\/2021\/05\/valentin.png\u00bb _builder_version=\u00bb4.9.3&#8243; _module_preset=\u00bbdefault\u00bb title_text=\u00bbvalentin\u00bb url=\u00bbhttps:\/\/www.valentin-traudt-schule-kassel.de\/\u00bb url_new_window=\u00bbon\u00bb hover_enabled=\u00bb0&#8243; sticky_enabled=\u00bb0&#8243;][\/et_pb_image][\/et_pb_column][et_pb_column type=\u00bb1_5&#8243; _builder_version=\u00bb4.9.3&#8243; _module_preset=\u00bbdefault\u00bb][et_pb_image src=\u00bbhttps:\/\/erasmusplus-livefriends.eu\/wp-content\/uploads\/2021\/05\/carloscasares.png\u00bb _builder_version=\u00bb4.9.3&#8243; _module_preset=\u00bbdefault\u00bb title_text=\u00bbcarloscasares\u00bb url=\u00bbhttp:\/\/www.edu.xunta.gal\/centros\/cepcarloscasares\/\u00bb url_new_window=\u00bbon\u00bb hover_enabled=\u00bb0&#8243; sticky_enabled=\u00bb0&#8243;][\/et_pb_image][\/et_pb_column][et_pb_column type=\u00bb1_5&#8243; _builder_version=\u00bb4.9.3&#8243; _module_preset=\u00bbdefault\u00bb][et_pb_image src=\u00bbhttps:\/\/erasmusplus-livefriends.eu\/wp-content\/uploads\/2021\/05\/lazarervin.png\u00bb _builder_version=\u00bb4.9.3&#8243; _module_preset=\u00bbdefault\u00bb title_text=\u00bblazarervin\u00bb url=\u00bbhttps:\/\/www.lazaraltisk.hu\/\u00bb url_new_window=\u00bbon\u00bb hover_enabled=\u00bb0&#8243; sticky_enabled=\u00bb0&#8243; width=\u00bb56%\u00bb module_alignment=\u00bbcenter\u00bb][\/et_pb_image][\/et_pb_column][et_pb_column type=\u00bb1_5&#8243; _builder_version=\u00bb4.9.3&#8243; _module_preset=\u00bbdefault\u00bb][et_pb_image src=\u00bbhttps:\/\/erasmusplus-livefriends.eu\/wp-content\/uploads\/2021\/05\/marinheros-school.png\u00bb _builder_version=\u00bb4.9.3&#8243; _module_preset=\u00bbdefault\u00bb title_text=\u00bbmarinheros-school\u00bb hover_enabled=\u00bb0&#8243; sticky_enabled=\u00bb0&#8243; max_width=\u00bb100%\u00bb][\/et_pb_image][\/et_pb_column][\/et_pb_row][et_pb_row column_structure=\u00bb1_5,3_5,1_5&#8243; _builder_version=\u00bb4.9.3&#8243; _module_preset=\u00bbdefault\u00bb][et_pb_column type=\u00bb1_5&#8243; _builder_version=\u00bb4.9.3&#8243; _module_preset=\u00bbdefault\u00bb][\/et_pb_column][et_pb_column type=\u00bb3_5&#8243; _builder_version=\u00bb4.9.3&#8243; _module_preset=\u00bbdefault\u00bb][et_pb_text _builder_version=\u00bb4.9.3&#8243; _module_preset=\u00bbdefault\u00bb]<\/p>\n<h3><strong>ESCUELAS COLABORADORAS<\/strong><\/h3>\n<p><strong>Portugal:<\/strong><\/p>\n<p>Escola EB1 da Quinta do Al\u00e7ada<\/p>\n<p>Escola EB1 dos Marinheiros<\/p>\n<p><strong>Espa\u00f1a:<\/strong><\/p>\n<p>CEIP Gesta II<\/p>\n<p>CEIP Carlos Casares<\/p>\n<p><strong>Alemania:<\/strong><\/p>\n<p>Valentin Traudt Schule<\/p>\n<p><strong>Hungr\u00eda:<\/strong><\/p>\n<p>L\u00e1z\u00e1r Ervin \u00c1ltal\u00e1nos Iskola<\/p>\n<p>[\/et_pb_text][\/et_pb_column][et_pb_column type=\u00bb1_5&#8243; _builder_version=\u00bb4.9.3&#8243; _module_preset=\u00bbdefault\u00bb][\/et_pb_column][\/et_pb_row][\/et_pb_section]<\/p>\n","protected":false},"excerpt":{"rendered":"<p>SOCIOS\u00a0 Portugal: Associa\u00e7\u00e3o Yehudi Menuhin Portugal (coordinador) Agrupamento de Escolas de Marrazes Espa\u00f1a: Fundaci\u00f3n Yehudi Menuhin Espa\u00f1a Universidad Rey Juan Carlos Consejer\u00eda de Educaci\u00f3n y Cultura del Principado de Asturias Alemania: MUS-E Deutschland eV\u00a0 Hungr\u00eda: MUS-E MAGYARORSZ\u00c1G K\u00f6zhaszn\u00fa Egyes\u00fclet ESCUELAS COLABORADORAS Portugal: Escola EB1 da Quinta do Al\u00e7ada Escola EB1 dos Marinheiros Espa\u00f1a: CEIP Gesta [&hellip;]<\/p>\n","protected":false},"author":1,"featured_media":0,"parent":0,"menu_order":0,"comment_status":"closed","ping_status":"closed","template":"","meta":{"_et_pb_use_builder":"on","_et_pb_old_content":"","_et_gb_content_width":"","footnotes":""},"class_list":["post-101","page","type-page","status-publish","hentry"],"_links":{"self":[{"href":"https:\/\/erasmusplus-livefriends.eu\/index.php\/wp-json\/wp\/v2\/pages\/101","targetHints":{"allow":["GET"]}}],"collection":[{"href":"https:\/\/erasmusplus-livefriends.eu\/index.php\/wp-json\/wp\/v2\/pages"}],"about":[{"href":"https:\/\/erasmusplus-livefriends.eu\/index.php\/wp-json\/wp\/v2\/types\/page"}],"author":[{"embeddable":true,"href":"https:\/\/erasmusplus-livefriends.eu\/index.php\/wp-json\/wp\/v2\/users\/1"}],"replies":[{"embeddable":true,"href":"https:\/\/erasmusplus-livefriends.eu\/index.php\/wp-json\/wp\/v2\/comments?post=101"}],"version-history":[{"count":18,"href":"https:\/\/erasmusplus-livefriends.eu\/index.php\/wp-json\/wp\/v2\/pages\/101\/revisions"}],"predecessor-version":[{"id":318,"href":"https:\/\/erasmusplus-livefriends.eu\/index.php\/wp-json\/wp\/v2\/pages\/101\/revisions\/318"}],"wp:attachment":[{"href":"https:\/\/erasmusplus-livefriends.eu\/index.php\/wp-json\/wp\/v2\/media?parent=101"}],"curies":[{"name":"wp","href":"https:\/\/api.w.org\/{rel}","templated":true}]}}